{"id":88,"date":"2020-02-10T09:08:09","date_gmt":"2020-02-10T08:08:09","guid":{"rendered":"http:\/\/eurumed.de\/?page_id=88"},"modified":"2022-01-04T13:28:07","modified_gmt":"2022-01-04T12:28:07","slug":"saeure-basen-set-nam","status":"publish","type":"page","link":"https:\/\/eurumed.de\/en\/saeure-basen-set-nam\/","title":{"rendered":"Acid-Base-Set NAM"},"content":{"rendered":"<p>Acid-Base-Set NAM<br \/>\n\t\t\t<!-- close .eael-fancy-text-container --><br \/>\n\t\t\tA usable acid-base status includes more than just the pH value, namely the buffer capacity, the intracellular acidity and the cause of an acid-base disorder. You can determine all this in a &#8216;small laboratory&#8217; with our acid-base set NAM in a few minutes.<\/p>\n<p><strong>The set consists of:<\/strong><\/p>\n<ul>\n<li>pH meter with BNC connection<\/li>\n<li>pH rod with a glass electrode and electrode cable<\/li>\n<li>250ml buffer solution pH 4,00<\/li>\n<li>250ml buffer solution pH 7,00<\/li>\n<li>1000ml titration solution (HCl 0,1mol\/l)<\/li>\n<li>250ml Pepsin cleaning solution<\/li>\n<li>250ml reference electrolyte solution KCl 3mol\/l + AgCl<\/li>\n<\/ul>\n<p><strong>Free to your E-Mail address: <\/strong>Excel-table for simple measurement-analysis<\/p>\n<p>\t\t\t\t\t\t\t\t\t\t<img fetchpriority=\"high\" decoding=\"async\" width=\"800\" height=\"1024\" src=\"https:\/\/eurumed.de\/wp-content\/uploads\/2020\/07\/New-Project-46.jpg\" alt=\"\" srcset=\"https:\/\/eurumed.de\/wp-content\/uploads\/2020\/07\/New-Project-46.jpg 800w, https:\/\/eurumed.de\/wp-content\/uploads\/2020\/07\/New-Project-46-234x300.jpg 234w, https:\/\/eurumed.de\/wp-content\/uploads\/2020\/07\/New-Project-46-768x983.jpg 768w\" sizes=\"(max-width: 800px) 100vw, 800px\" \/><br \/>\n\t\t\t\t\t\t\t\t\t\t<img decoding=\"async\" width=\"800\" height=\"193\" src=\"https:\/\/eurumed.de\/wp-content\/uploads\/2020\/02\/NAM_Flaschen.jpg\" alt=\"\" srcset=\"https:\/\/eurumed.de\/wp-content\/uploads\/2020\/02\/NAM_Flaschen.jpg 800w, https:\/\/eurumed.de\/wp-content\/uploads\/2020\/02\/NAM_Flaschen-300x72.jpg 300w, https:\/\/eurumed.de\/wp-content\/uploads\/2020\/02\/NAM_Flaschen-768x185.jpg 768w\" sizes=\"(max-width: 800px) 100vw, 800px\" \/>\t\t\t\t\t\t\t\t\t\t\t<\/p>\n<h2>Not included in the set, but partly necessary for the analysis (delivery also possible by Eu-Ru Med)<\/h2>\n<ul>\n<li>Centrifuge (operator)<\/li>\n<li>Thermo block 37\u25e6C for test glass (instead of water quench) <a href=\"http:\/\/eurumed.de\/thermoblock-incubator\/\">look here<\/a><\/li>\n<li>specialized pipet 1.0 ml with blue tips<\/li>\n<li>specialized pipet 0.1 ml with yellow tips<\/li>\n<li>Test glasses 105 x 16 mm pointed oder 100 x 16 mm conical\u00a0<\/li>\n<\/ul>\n<p>A short description of the measurement technology according to J\u00f6rgensen can be found under <a href=\"http:\/\/eurumed.de\/en\/diagnostik-in-der-praxis\">&#8220;Diagnostics for practice&#8221;<\/a><\/p>\n<p>With the purchase of the set you will receive detailed instructions on how to carry out the buffer measurement according to J\u00f6rgensen.<\/p>\n<p>We are happy to answer any questions you may have about the product.<\/p>\n","protected":false},"excerpt":{"rendered":"<p>Acid-Base-Set NAM A usable acid-base status includes more than just the pH value, namely the buffer capacity, the intracellular acidity and the cause of an acid-base disorder. You can determine all this in a &#8216;small laboratory&#8217; with our acid-base set NAM in a few minutes. The set consists of: pH meter with BNC connection pH &hellip;<\/p>\n<p class=\"read-more\"> <a class=\"\" href=\"https:\/\/eurumed.de\/en\/saeure-basen-set-nam\/\"> <span class=\"screen-reader-text\">Acid-Base-Set NAM<\/span> Read More &raquo;<\/a><\/p>\n","protected":false},"author":8,"featured_media":0,"parent":0,"menu_order":0,"comment_status":"closed","ping_status":"closed","template":"","meta":{"footnotes":""},"class_list":["post-88","page","type-page","status-publish","hentry"],"translation":{"provider":"WPGlobus","version":"3.0.2","language":"en","enabled_languages":["de","en"],"languages":{"de":{"title":true,"content":true,"excerpt":false},"en":{"title":true,"content":true,"excerpt":false}}},"yoast_head":"<!-- This site is optimized with the Yoast SEO plugin v27.0 - https:\/\/yoast.com\/product\/yoast-seo-wordpress\/ -->\n<title>S\u00e4ure-Basen-Set NAM - S\u00e4ure-Basis-Status ermitteln<\/title>\n<meta name=\"robots\" content=\"index, follow, max-snippet:-1, max-image-preview:large, max-video-preview:-1\" \/>\n<link rel=\"canonical\" href=\"https:\/\/eurumed.de\/saeure-basen-set-nam\/\" \/>\n<meta property=\"og:locale\" content=\"en_US\" \/>\n<meta property=\"og:type\" content=\"article\" \/>\n<meta property=\"og:title\" content=\"Acid-Base-Set NAM - Eu-Ru Med\" \/>\n<meta property=\"og:url\" content=\"https:\/\/eurumed.de\/saeure-basen-set-nam\/\" \/>\n<meta property=\"og:site_name\" content=\"Eu-Ru Med\" \/>\n<meta property=\"article:modified_time\" content=\"2022-01-04T12:28:07+00:00\" \/>\n<meta property=\"og:image\" content=\"https:\/\/eurumed.de\/wp-content\/uploads\/2020\/02\/309x414-images-produkte-NAM_PH_Tester.jpg\" \/>\n<meta name=\"twitter:card\" content=\"summary_large_image\" \/>\n<meta name=\"twitter:label1\" content=\"Est. reading time\" \/>\n\t<meta name=\"twitter:data1\" content=\"2 minutes\" \/>\n<script type=\"application\/ld+json\" class=\"yoast-schema-graph\">{\"@context\":\"https:\/\/schema.org\",\"@graph\":[{\"@type\":\"WebPage\",\"@id\":\"https:\/\/eurumed.de\/saeure-basen-set-nam\/\",\"url\":\"https:\/\/eurumed.de\/saeure-basen-set-nam\/\",\"name\":\"S\u00e4ure-Basen-Set NAM - S\u00e4ure-Basis-Status ermitteln\",\"isPartOf\":{\"@id\":\"https:\/\/eurumed.de\/#website\"},\"primaryImageOfPage\":{\"@id\":\"https:\/\/eurumed.de\/saeure-basen-set-nam\/#primaryimage\"},\"image\":{\"@id\":\"https:\/\/eurumed.de\/saeure-basen-set-nam\/#primaryimage\"},\"thumbnailUrl\":\"https:\/\/eurumed.de\/wp-content\/uploads\/2020\/02\/309x414-images-produkte-NAM_PH_Tester.jpg\",\"datePublished\":\"2020-02-10T08:08:09+00:00\",\"dateModified\":\"2022-01-04T12:28:07+00:00\",\"description\":\"Zu einem verwertbaren S\u00e4ure-Basen-Status geh\u00f6rt weit mehr als nur der pH-Wert, all dies l\u00e4sst sich mit unserem S\u00e4ure-Basen-Set NAM bestimmen. | eurumed.de\",\"breadcrumb\":{\"@id\":\"https:\/\/eurumed.de\/saeure-basen-set-nam\/#breadcrumb\"},\"inLanguage\":\"en-US\",\"potentialAction\":[{\"@type\":\"ReadAction\",\"target\":[\"https:\/\/eurumed.de\/saeure-basen-set-nam\/\"]}]},{\"@type\":\"ImageObject\",\"inLanguage\":\"en-US\",\"@id\":\"https:\/\/eurumed.de\/saeure-basen-set-nam\/#primaryimage\",\"url\":\"https:\/\/eurumed.de\/wp-content\/uploads\/2020\/02\/309x414-images-produkte-NAM_PH_Tester.jpg\",\"contentUrl\":\"https:\/\/eurumed.de\/wp-content\/uploads\/2020\/02\/309x414-images-produkte-NAM_PH_Tester.jpg\"},{\"@type\":\"BreadcrumbList\",\"@id\":\"https:\/\/eurumed.de\/saeure-basen-set-nam\/#breadcrumb\",\"itemListElement\":[{\"@type\":\"ListItem\",\"position\":1,\"name\":\"Startseite\",\"item\":\"https:\/\/eurumed.de\/\"},{\"@type\":\"ListItem\",\"position\":2,\"name\":\"S\u00e4ure-Basen-Set NAM\"}]},{\"@type\":\"WebSite\",\"@id\":\"https:\/\/eurumed.de\/#website\",\"url\":\"https:\/\/eurumed.de\/\",\"name\":\"Eu-Ru Med\",\"description\":\"\",\"publisher\":{\"@id\":\"https:\/\/eurumed.de\/#organization\"},\"potentialAction\":[{\"@type\":\"SearchAction\",\"target\":{\"@type\":\"EntryPoint\",\"urlTemplate\":\"https:\/\/eurumed.de\/?s={search_term_string}\"},\"query-input\":{\"@type\":\"PropertyValueSpecification\",\"valueRequired\":true,\"valueName\":\"search_term_string\"}}],\"inLanguage\":\"en-US\"},{\"@type\":\"Organization\",\"@id\":\"https:\/\/eurumed.de\/#organization\",\"name\":\"Eu-Ru Med\",\"url\":\"https:\/\/eurumed.de\/\",\"logo\":{\"@type\":\"ImageObject\",\"inLanguage\":\"en-US\",\"@id\":\"https:\/\/eurumed.de\/#\/schema\/logo\/image\/\",\"url\":\"https:\/\/eurumed.de\/wp-content\/uploads\/2021\/12\/cropped-Eu-Ru-Med-Logo-Schriftzug_420.jpg\",\"contentUrl\":\"https:\/\/eurumed.de\/wp-content\/uploads\/2021\/12\/cropped-Eu-Ru-Med-Logo-Schriftzug_420.jpg\",\"width\":907,\"height\":333,\"caption\":\"Eu-Ru Med\"},\"image\":{\"@id\":\"https:\/\/eurumed.de\/#\/schema\/logo\/image\/\"}}]}<\/script>\n<!-- \/ Yoast SEO plugin. -->","yoast_head_json":{"title":"S\u00e4ure-Basen-Set NAM - S\u00e4ure-Basis-Status ermitteln","robots":{"index":"index","follow":"follow","max-snippet":"max-snippet:-1","max-image-preview":"max-image-preview:large","max-video-preview":"max-video-preview:-1"},"canonical":"https:\/\/eurumed.de\/saeure-basen-set-nam\/","og_locale":"en_US","og_type":"article","og_title":"Acid-Base-Set NAM - Eu-Ru Med","og_url":"https:\/\/eurumed.de\/saeure-basen-set-nam\/","og_site_name":"Eu-Ru Med","article_modified_time":"2022-01-04T12:28:07+00:00","og_image":[{"url":"https:\/\/eurumed.de\/wp-content\/uploads\/2020\/02\/309x414-images-produkte-NAM_PH_Tester.jpg","type":"","width":"","height":""}],"twitter_card":"summary_large_image","twitter_misc":{"Est. reading time":"2 minutes"},"schema":{"@context":"https:\/\/schema.org","@graph":[{"@type":"WebPage","@id":"https:\/\/eurumed.de\/saeure-basen-set-nam\/","url":"https:\/\/eurumed.de\/saeure-basen-set-nam\/","name":"S\u00e4ure-Basen-Set NAM - S\u00e4ure-Basis-Status ermitteln","isPartOf":{"@id":"https:\/\/eurumed.de\/#website"},"primaryImageOfPage":{"@id":"https:\/\/eurumed.de\/saeure-basen-set-nam\/#primaryimage"},"image":{"@id":"https:\/\/eurumed.de\/saeure-basen-set-nam\/#primaryimage"},"thumbnailUrl":"https:\/\/eurumed.de\/wp-content\/uploads\/2020\/02\/309x414-images-produkte-NAM_PH_Tester.jpg","datePublished":"2020-02-10T08:08:09+00:00","dateModified":"2022-01-04T12:28:07+00:00","description":"Zu einem verwertbaren S\u00e4ure-Basen-Status geh\u00f6rt weit mehr als nur der pH-Wert, all dies l\u00e4sst sich mit unserem S\u00e4ure-Basen-Set NAM bestimmen. | eurumed.de","breadcrumb":{"@id":"https:\/\/eurumed.de\/saeure-basen-set-nam\/#breadcrumb"},"inLanguage":"en-US","potentialAction":[{"@type":"ReadAction","target":["https:\/\/eurumed.de\/saeure-basen-set-nam\/"]}]},{"@type":"ImageObject","inLanguage":"en-US","@id":"https:\/\/eurumed.de\/saeure-basen-set-nam\/#primaryimage","url":"https:\/\/eurumed.de\/wp-content\/uploads\/2020\/02\/309x414-images-produkte-NAM_PH_Tester.jpg","contentUrl":"https:\/\/eurumed.de\/wp-content\/uploads\/2020\/02\/309x414-images-produkte-NAM_PH_Tester.jpg"},{"@type":"BreadcrumbList","@id":"https:\/\/eurumed.de\/saeure-basen-set-nam\/#breadcrumb","itemListElement":[{"@type":"ListItem","position":1,"name":"Startseite","item":"https:\/\/eurumed.de\/"},{"@type":"ListItem","position":2,"name":"S\u00e4ure-Basen-Set NAM"}]},{"@type":"WebSite","@id":"https:\/\/eurumed.de\/#website","url":"https:\/\/eurumed.de\/","name":"Eu-Ru Med","description":"","publisher":{"@id":"https:\/\/eurumed.de\/#organization"},"potentialAction":[{"@type":"SearchAction","target":{"@type":"EntryPoint","urlTemplate":"https:\/\/eurumed.de\/?s={search_term_string}"},"query-input":{"@type":"PropertyValueSpecification","valueRequired":true,"valueName":"search_term_string"}}],"inLanguage":"en-US"},{"@type":"Organization","@id":"https:\/\/eurumed.de\/#organization","name":"Eu-Ru Med","url":"https:\/\/eurumed.de\/","logo":{"@type":"ImageObject","inLanguage":"en-US","@id":"https:\/\/eurumed.de\/#\/schema\/logo\/image\/","url":"https:\/\/eurumed.de\/wp-content\/uploads\/2021\/12\/cropped-Eu-Ru-Med-Logo-Schriftzug_420.jpg","contentUrl":"https:\/\/eurumed.de\/wp-content\/uploads\/2021\/12\/cropped-Eu-Ru-Med-Logo-Schriftzug_420.jpg","width":907,"height":333,"caption":"Eu-Ru Med"},"image":{"@id":"https:\/\/eurumed.de\/#\/schema\/logo\/image\/"}}]}},"_links":{"self":[{"href":"https:\/\/eurumed.de\/en\/wp-json\/wp\/v2\/pages\/88","targetHints":{"allow":["GET"]}}],"collection":[{"href":"https:\/\/eurumed.de\/en\/wp-json\/wp\/v2\/pages"}],"about":[{"href":"https:\/\/eurumed.de\/en\/wp-json\/wp\/v2\/types\/page"}],"author":[{"embeddable":true,"href":"https:\/\/eurumed.de\/en\/wp-json\/wp\/v2\/users\/8"}],"replies":[{"embeddable":true,"href":"https:\/\/eurumed.de\/en\/wp-json\/wp\/v2\/comments?post=88"}],"version-history":[{"count":32,"href":"https:\/\/eurumed.de\/en\/wp-json\/wp\/v2\/pages\/88\/revisions"}],"predecessor-version":[{"id":1105,"href":"https:\/\/eurumed.de\/en\/wp-json\/wp\/v2\/pages\/88\/revisions\/1105"}],"wp:attachment":[{"href":"https:\/\/eurumed.de\/en\/wp-json\/wp\/v2\/media?parent=88"}],"curies":[{"name":"wp","href":"https:\/\/api.w.org\/{rel}","templated":true}]}}