{"id":36,"date":"2020-02-06T16:10:55","date_gmt":"2020-02-06T15:10:55","guid":{"rendered":"http:\/\/eurumed.de\/?page_id=36"},"modified":"2022-01-04T14:54:51","modified_gmt":"2022-01-04T13:54:51","slug":"kontakt","status":"publish","type":"page","link":"https:\/\/eurumed.de\/en\/kontakt\/","title":{"rendered":"Elementor #36"},"content":{"rendered":"<p>About us<br \/>\n<!-- close .eael-fancy-text-container --><\/p>\n<h2>Contact<\/h2>\n<ul>\n<li>\n\t\t\t\t\t\t\t\t\t\tPhone number<\/li>\n<\/ul>\n<p>+49 5251 \/ 3903215<\/p>\n<ul>\n<li>\n\t\t\t\t\t\t\t\t\t\tE-Mail<\/li>\n<\/ul>\n<p>info@eurumed.de<\/p>\n<h2>Address<\/h2>\n<ul>\n<li>\n\t\t\t\t\t\t\t\t\t\tEu-Ru Med GmbH<\/li>\n<\/ul>\n<p>Friedrich-List-Str. 67<br \/>\n33100 Paderborn<\/p>\n<h2>business hours<\/h2>\n<p><strong>Monday:<\/strong> 8 am &#8211; 5 pm<br \/>\n<strong>Tuesday:<\/strong> 8 am &#8211; 5 pm<br \/>\n<strong>Wednesday:<\/strong> 8 am &#8211; 5 pm<br \/>\n<strong>Thursday:<\/strong> 8 am &#8211; 5 pm<br \/>\n<strong>Friday:<\/strong> 8 am &#8211; 5 pm<\/p>\n","protected":false},"excerpt":{"rendered":"<p>About us Contact Phone number +49 5251 \/ 3903215 E-Mail info@eurumed.de Address Eu-Ru Med GmbH Friedrich-List-Str. 67 33100 Paderborn business hours Monday: 8 am &#8211; 5 pm Tuesday: 8 am &#8211; 5 pm Wednesday: 8 am &#8211; 5 pm Thursday: 8 am &#8211; 5 pm Friday: 8 am &#8211; 5 pm<\/p>\n","protected":false},"author":8,"featured_media":0,"parent":0,"menu_order":0,"comment_status":"closed","ping_status":"closed","template":"","meta":{"footnotes":""},"class_list":["post-36","page","type-page","status-publish","hentry"],"translation":{"provider":"WPGlobus","version":"3.0.2","language":"en","enabled_languages":["de","en"],"languages":{"de":{"title":true,"content":true,"excerpt":false},"en":{"title":true,"content":true,"excerpt":false}}},"yoast_head":"<!-- This site is optimized with the Yoast SEO plugin v27.0 - https:\/\/yoast.com\/product\/yoast-seo-wordpress\/ -->\n<title>Kontakt - unsere Anschrift und B\u00fcrozeiten im \u00dcberblick<\/title>\n<meta name=\"description\" content=\"Kontaktieren Sie uns! Hier finden Sie unsere Anschrift, Email und Telefon sowie unsere B\u00fcrozeiten. Setzen Sie sich mit uns in Verbindung auf | eurumed.de\" \/>\n<meta name=\"robots\" content=\"index, follow, max-snippet:-1, max-image-preview:large, max-video-preview:-1\" \/>\n<link rel=\"canonical\" href=\"https:\/\/eurumed.de\/kontakt\/\" \/>\n<meta property=\"og:locale\" content=\"en_US\" \/>\n<meta property=\"og:type\" content=\"article\" \/>\n<meta property=\"og:title\" content=\"Kontakt - unsere Anschrift und B\u00fcrozeiten im \u00dcberblick\" \/>\n<meta property=\"og:description\" content=\"Kontaktieren Sie uns! Hier finden Sie unsere Anschrift, Email und Telefon sowie unsere B\u00fcrozeiten. Setzen Sie sich mit uns in Verbindung auf | eurumed.de\" \/>\n<meta property=\"og:url\" content=\"https:\/\/eurumed.de\/kontakt\/\" \/>\n<meta property=\"og:site_name\" content=\"Eu-Ru Med\" \/>\n<meta property=\"article:modified_time\" content=\"2022-01-04T13:54:51+00:00\" \/>\n<meta name=\"twitter:card\" content=\"summary_large_image\" \/>\n<meta name=\"twitter:label1\" content=\"Est. reading time\" \/>\n\t<meta name=\"twitter:data1\" content=\"1 minute\" \/>\n<script type=\"application\/ld+json\" class=\"yoast-schema-graph\">{\"@context\":\"https:\/\/schema.org\",\"@graph\":[{\"@type\":\"WebPage\",\"@id\":\"https:\/\/eurumed.de\/kontakt\/\",\"url\":\"https:\/\/eurumed.de\/kontakt\/\",\"name\":\"Kontakt - unsere Anschrift und B\u00fcrozeiten im \u00dcberblick\",\"isPartOf\":{\"@id\":\"https:\/\/eurumed.de\/#website\"},\"datePublished\":\"2020-02-06T15:10:55+00:00\",\"dateModified\":\"2022-01-04T13:54:51+00:00\",\"description\":\"Kontaktieren Sie uns! Hier finden Sie unsere Anschrift, Email und Telefon sowie unsere B\u00fcrozeiten. Setzen Sie sich mit uns in Verbindung auf | eurumed.de\",\"breadcrumb\":{\"@id\":\"https:\/\/eurumed.de\/kontakt\/#breadcrumb\"},\"inLanguage\":\"en-US\",\"potentialAction\":[{\"@type\":\"ReadAction\",\"target\":[\"https:\/\/eurumed.de\/kontakt\/\"]}]},{\"@type\":\"BreadcrumbList\",\"@id\":\"https:\/\/eurumed.de\/kontakt\/#breadcrumb\",\"itemListElement\":[{\"@type\":\"ListItem\",\"position\":1,\"name\":\"Startseite\",\"item\":\"https:\/\/eurumed.de\/\"},{\"@type\":\"ListItem\",\"position\":2,\"name\":\"Kontakt\"}]},{\"@type\":\"WebSite\",\"@id\":\"https:\/\/eurumed.de\/#website\",\"url\":\"https:\/\/eurumed.de\/\",\"name\":\"Eu-Ru Med\",\"description\":\"\",\"publisher\":{\"@id\":\"https:\/\/eurumed.de\/#organization\"},\"potentialAction\":[{\"@type\":\"SearchAction\",\"target\":{\"@type\":\"EntryPoint\",\"urlTemplate\":\"https:\/\/eurumed.de\/?s={search_term_string}\"},\"query-input\":{\"@type\":\"PropertyValueSpecification\",\"valueRequired\":true,\"valueName\":\"search_term_string\"}}],\"inLanguage\":\"en-US\"},{\"@type\":\"Organization\",\"@id\":\"https:\/\/eurumed.de\/#organization\",\"name\":\"Eu-Ru Med\",\"url\":\"https:\/\/eurumed.de\/\",\"logo\":{\"@type\":\"ImageObject\",\"inLanguage\":\"en-US\",\"@id\":\"https:\/\/eurumed.de\/#\/schema\/logo\/image\/\",\"url\":\"https:\/\/eurumed.de\/wp-content\/uploads\/2021\/12\/cropped-Eu-Ru-Med-Logo-Schriftzug_420.jpg\",\"contentUrl\":\"https:\/\/eurumed.de\/wp-content\/uploads\/2021\/12\/cropped-Eu-Ru-Med-Logo-Schriftzug_420.jpg\",\"width\":907,\"height\":333,\"caption\":\"Eu-Ru Med\"},\"image\":{\"@id\":\"https:\/\/eurumed.de\/#\/schema\/logo\/image\/\"}}]}<\/script>\n<!-- \/ Yoast SEO plugin. -->","yoast_head_json":{"title":"Kontakt - unsere Anschrift und B\u00fcrozeiten im \u00dcberblick","description":"Kontaktieren Sie uns! Hier finden Sie unsere Anschrift, Email und Telefon sowie unsere B\u00fcrozeiten. Setzen Sie sich mit uns in Verbindung auf | eurumed.de","robots":{"index":"index","follow":"follow","max-snippet":"max-snippet:-1","max-image-preview":"max-image-preview:large","max-video-preview":"max-video-preview:-1"},"canonical":"https:\/\/eurumed.de\/kontakt\/","og_locale":"en_US","og_type":"article","og_title":"Kontakt - unsere Anschrift und B\u00fcrozeiten im \u00dcberblick","og_description":"Kontaktieren Sie uns! Hier finden Sie unsere Anschrift, Email und Telefon sowie unsere B\u00fcrozeiten. Setzen Sie sich mit uns in Verbindung auf | eurumed.de","og_url":"https:\/\/eurumed.de\/kontakt\/","og_site_name":"Eu-Ru Med","article_modified_time":"2022-01-04T13:54:51+00:00","twitter_card":"summary_large_image","twitter_misc":{"Est. reading time":"1 minute"},"schema":{"@context":"https:\/\/schema.org","@graph":[{"@type":"WebPage","@id":"https:\/\/eurumed.de\/kontakt\/","url":"https:\/\/eurumed.de\/kontakt\/","name":"Kontakt - unsere Anschrift und B\u00fcrozeiten im \u00dcberblick","isPartOf":{"@id":"https:\/\/eurumed.de\/#website"},"datePublished":"2020-02-06T15:10:55+00:00","dateModified":"2022-01-04T13:54:51+00:00","description":"Kontaktieren Sie uns! Hier finden Sie unsere Anschrift, Email und Telefon sowie unsere B\u00fcrozeiten. Setzen Sie sich mit uns in Verbindung auf | eurumed.de","breadcrumb":{"@id":"https:\/\/eurumed.de\/kontakt\/#breadcrumb"},"inLanguage":"en-US","potentialAction":[{"@type":"ReadAction","target":["https:\/\/eurumed.de\/kontakt\/"]}]},{"@type":"BreadcrumbList","@id":"https:\/\/eurumed.de\/kontakt\/#breadcrumb","itemListElement":[{"@type":"ListItem","position":1,"name":"Startseite","item":"https:\/\/eurumed.de\/"},{"@type":"ListItem","position":2,"name":"Kontakt"}]},{"@type":"WebSite","@id":"https:\/\/eurumed.de\/#website","url":"https:\/\/eurumed.de\/","name":"Eu-Ru Med","description":"","publisher":{"@id":"https:\/\/eurumed.de\/#organization"},"potentialAction":[{"@type":"SearchAction","target":{"@type":"EntryPoint","urlTemplate":"https:\/\/eurumed.de\/?s={search_term_string}"},"query-input":{"@type":"PropertyValueSpecification","valueRequired":true,"valueName":"search_term_string"}}],"inLanguage":"en-US"},{"@type":"Organization","@id":"https:\/\/eurumed.de\/#organization","name":"Eu-Ru Med","url":"https:\/\/eurumed.de\/","logo":{"@type":"ImageObject","inLanguage":"en-US","@id":"https:\/\/eurumed.de\/#\/schema\/logo\/image\/","url":"https:\/\/eurumed.de\/wp-content\/uploads\/2021\/12\/cropped-Eu-Ru-Med-Logo-Schriftzug_420.jpg","contentUrl":"https:\/\/eurumed.de\/wp-content\/uploads\/2021\/12\/cropped-Eu-Ru-Med-Logo-Schriftzug_420.jpg","width":907,"height":333,"caption":"Eu-Ru Med"},"image":{"@id":"https:\/\/eurumed.de\/#\/schema\/logo\/image\/"}}]}},"_links":{"self":[{"href":"https:\/\/eurumed.de\/en\/wp-json\/wp\/v2\/pages\/36","targetHints":{"allow":["GET"]}}],"collection":[{"href":"https:\/\/eurumed.de\/en\/wp-json\/wp\/v2\/pages"}],"about":[{"href":"https:\/\/eurumed.de\/en\/wp-json\/wp\/v2\/types\/page"}],"author":[{"embeddable":true,"href":"https:\/\/eurumed.de\/en\/wp-json\/wp\/v2\/users\/8"}],"replies":[{"embeddable":true,"href":"https:\/\/eurumed.de\/en\/wp-json\/wp\/v2\/comments?post=36"}],"version-history":[{"count":31,"href":"https:\/\/eurumed.de\/en\/wp-json\/wp\/v2\/pages\/36\/revisions"}],"predecessor-version":[{"id":1108,"href":"https:\/\/eurumed.de\/en\/wp-json\/wp\/v2\/pages\/36\/revisions\/1108"}],"wp:attachment":[{"href":"https:\/\/eurumed.de\/en\/wp-json\/wp\/v2\/media?parent=36"}],"curies":[{"name":"wp","href":"https:\/\/api.w.org\/{rel}","templated":true}]}}