{"id":26,"date":"2020-02-06T16:01:23","date_gmt":"2020-02-06T15:01:23","guid":{"rendered":"http:\/\/eurumed.de\/?page_id=26"},"modified":"2022-05-19T10:47:47","modified_gmt":"2022-05-19T08:47:47","slug":"startseite","status":"publish","type":"page","link":"https:\/\/eurumed.de\/en\/","title":{"rendered":"Welcome Page"},"content":{"rendered":"<p>Eu-Ru Med<br \/>\n\t\t\t\t\tA Four 20 Pharma GmbH company<br \/>\n\t\t\t<!-- close .eael-fancy-text-container --><\/p>\n<h1>Bring your patients into acid-base balance<\/h1>\n<p>The acid-base balance is still a shadowy existence in medicine. The problem is generally only known to naturopathic therapists. Otherwise, acid-base diagnosis and therapy \u2013 apart from intensive care units \u2013 is only carried out by a few specialized practices. Accordingly, the topic hardly finds its way into conventional therapy schemes \u2013 to the disadvantage of many chronically ill patients.<\/p>\n<p>For the strictly conventional medical group, the diagnosis and therapy of the acid-base ratios are reserved for clinical medicine and usually intensive care, and are therefore linked to serious and lifethreatening diseases. The term chronic latent acidosis or tissue acidosis practically does not exist here.<\/p>\n<p>The method of blood pH measurement used in clinical medicine is unsuitable for assessing tissue acidosis, because ultimately the user\u2019s measuring probe does not allow access to the intracellular situation. Practical experience with many different clinical pictures confirms the importance of intracellular acidification and so naturopathic practices are now able to use proven diagnostic and therapeutic options.<\/p>\n<p>\t\t<a href=\"https:\/\/eurumed.de\/en\/saeure-basen-haushalt\/\" data-text=\"Go!\"><br \/>\n\t\t\t\t learn more<br \/>\n\t\t<\/a><br \/>\n                            <a href=\"https:\/\/eurumed.de\/en\/eu-ru-bibag\/\" ><br \/>\n                                    <img decoding=\"async\" src=\"https:\/\/eurumed.de\/wp-content\/uploads\/2020\/07\/New-Project-42.jpg\" alt=\"Euru BiBag\" title=\"Euru BiBag\"><br \/>\n                                                                            <img decoding=\"async\" src=\"https:\/\/eurumed.de\/wp-content\/plugins\/elementor\/assets\/images\/placeholder.png\" alt=\"\" title=\"\"><br \/>\n                            <\/a><br \/>\n                            <a href=\"https:\/\/eurumed.de\/en\/saeure-basen-set-nam\/\" ><br \/>\n                                    <img decoding=\"async\" src=\"https:\/\/eurumed.de\/wp-content\/uploads\/2020\/07\/New-Project-43.jpg\" alt=\"Acid base set NAM\" title=\"Acid base set NAM\"><br \/>\n                            <\/a><br \/>\n                            <a href=\"https:\/\/eurumed.de\/en\/thermoblock-incubator\/\" ><br \/>\n                                    <img decoding=\"async\" src=\"https:\/\/eurumed.de\/wp-content\/uploads\/2020\/07\/New-Project-44.jpg\" alt=\"Thermoblock\" title=\"Thermoblock\"><br \/>\n                            <\/a><br \/>\n        <!-- .elementskit-clients-slider END --><\/p>\n<h1>Our company<\/h1>\n<p><strong>The Eu-Ru Med GmbH <\/strong>was founded 1997 by Peter Ruland. With the Eu-Ru Bibag infusion bag set for the production of a mixed infusion (procaine-) base infusion, backed up with stability data, it was now possible for the first time to offer a highly alkaline solution, such as 8.4% sodium hydrogen carbonate in a practical infusion bag. Procaine base infusion has become established in neural therapy and cannot be replaced both in the treatment of pain and in complementary tumour therapy. The finished infusion bag system with coordinated application technology also increases safety by optimizing the hygienic aspects, i.e. less risk of contamination.<\/p>\n<p>In 2007 the pH buffer capacity measurement of the buffer capacity and the calculation of the intracellular acidosis could now be carried out with the J\u00f6rgensen blood titration in a small laboratory.<\/p>\n<p>At Four 20\u00a0 Pharma GmbH as manufacturer, pharmaceutical entrepreneur and importer for medical cannabis, the patient and his pain are also in focus. In the \u201cpain pyramid\u201d at the top, cannabis can stimulate the \u201cresistant opiate receptors\u201d through long term treatments. Medical cannabis can be an alternative to opiates with less side effects.<\/p>\n<p>Activation and improvement of the basic regulation \u2013 by relaxation and relaxation of pain states (also by nerve diseases) are the further additional therapeutic approaches.\u00a0Because painkillers from the group of NSAIDs such as ibuprofen, diclofenac or ASA are generally less indicated here.\u00a0The therapy approaches of both companies complement each other in the pain environment.<\/p>\n<p>We look forward to working with you and will be happy to answer any questions you may have.<\/p>\n","protected":false},"excerpt":{"rendered":"<p>Eu-Ru Med A Four 20 Pharma GmbH company Bring your patients into acid-base balance The acid-base balance is still a shadowy existence in medicine. The problem is generally only known to naturopathic therapists. Otherwise, acid-base diagnosis and therapy \u2013 apart from intensive care units \u2013 is only carried out by a few specialized practices. Accordingly, &hellip;<\/p>\n<p class=\"read-more\"> <a class=\"\" href=\"https:\/\/eurumed.de\/en\/\"> <span class=\"screen-reader-text\">Welcome Page<\/span> Read More &raquo;<\/a><\/p>\n","protected":false},"author":8,"featured_media":0,"parent":0,"menu_order":0,"comment_status":"closed","ping_status":"closed","template":"elementor_header_footer","meta":{"footnotes":""},"class_list":["post-26","page","type-page","status-publish","hentry"],"translation":{"provider":"WPGlobus","version":"3.0.2","language":"en","enabled_languages":["de","en"],"languages":{"de":{"title":true,"content":true,"excerpt":false},"en":{"title":true,"content":true,"excerpt":false}}},"yoast_head":"<!-- This site is optimized with the Yoast SEO plugin v27.0 - https:\/\/yoast.com\/product\/yoast-seo-wordpress\/ -->\n<title>S\u00e4ure Basen Haushalt ausgleichen - Jetzt mit Eurumed<\/title>\n<meta name=\"robots\" content=\"index, follow, max-snippet:-1, max-image-preview:large, max-video-preview:-1\" \/>\n<link rel=\"canonical\" href=\"https:\/\/eurumed.de\/\" \/>\n<meta property=\"og:locale\" content=\"en_US\" \/>\n<meta property=\"og:type\" content=\"article\" \/>\n<meta property=\"og:title\" content=\"Welcome Page - Eu-Ru Med\" \/>\n<meta property=\"og:url\" content=\"https:\/\/eurumed.de\/\" \/>\n<meta property=\"og:site_name\" content=\"Eu-Ru Med\" \/>\n<meta property=\"article:modified_time\" content=\"2022-05-19T08:47:47+00:00\" \/>\n<meta property=\"og:image\" content=\"https:\/\/eurumed.de\/wp-content\/uploads\/2020\/07\/New-Project-40.jpg\" \/>\n<meta name=\"twitter:card\" content=\"summary_large_image\" \/>\n<meta name=\"twitter:label1\" content=\"Est. reading time\" \/>\n\t<meta name=\"twitter:data1\" content=\"5 minutes\" \/>\n<script type=\"application\/ld+json\" class=\"yoast-schema-graph\">{\"@context\":\"https:\/\/schema.org\",\"@graph\":[{\"@type\":\"WebPage\",\"@id\":\"https:\/\/eurumed.de\/\",\"url\":\"https:\/\/eurumed.de\/\",\"name\":\"S\u00e4ure Basen Haushalt ausgleichen - Jetzt mit Eurumed\",\"isPartOf\":{\"@id\":\"https:\/\/eurumed.de\/#website\"},\"primaryImageOfPage\":{\"@id\":\"https:\/\/eurumed.de\/#primaryimage\"},\"image\":{\"@id\":\"https:\/\/eurumed.de\/#primaryimage\"},\"thumbnailUrl\":\"https:\/\/eurumed.de\/wp-content\/uploads\/2020\/07\/New-Project-40.jpg\",\"datePublished\":\"2020-02-06T15:01:23+00:00\",\"dateModified\":\"2022-05-19T08:47:47+00:00\",\"description\":\"Hier erfahren Sie alles zum S\u00e4ure Basen Haushalt. Warum eine St\u00f6rung so gef\u00e4hrlich werden kann? Wie kann man diese beheben? Alle Infos auf | eurumed.de\",\"breadcrumb\":{\"@id\":\"https:\/\/eurumed.de\/#breadcrumb\"},\"inLanguage\":\"en-US\",\"potentialAction\":[{\"@type\":\"ReadAction\",\"target\":[\"https:\/\/eurumed.de\/\"]}]},{\"@type\":\"ImageObject\",\"inLanguage\":\"en-US\",\"@id\":\"https:\/\/eurumed.de\/#primaryimage\",\"url\":\"https:\/\/eurumed.de\/wp-content\/uploads\/2020\/07\/New-Project-40.jpg\",\"contentUrl\":\"https:\/\/eurumed.de\/wp-content\/uploads\/2020\/07\/New-Project-40.jpg\"},{\"@type\":\"BreadcrumbList\",\"@id\":\"https:\/\/eurumed.de\/#breadcrumb\",\"itemListElement\":[{\"@type\":\"ListItem\",\"position\":1,\"name\":\"Startseite\",\"item\":\"https:\/\/eurumed.de\/\"},{\"@type\":\"ListItem\",\"position\":2,\"name\":\"Startseite\"}]},{\"@type\":\"WebSite\",\"@id\":\"https:\/\/eurumed.de\/#website\",\"url\":\"https:\/\/eurumed.de\/\",\"name\":\"Eu-Ru Med\",\"description\":\"\",\"publisher\":{\"@id\":\"https:\/\/eurumed.de\/#organization\"},\"potentialAction\":[{\"@type\":\"SearchAction\",\"target\":{\"@type\":\"EntryPoint\",\"urlTemplate\":\"https:\/\/eurumed.de\/?s={search_term_string}\"},\"query-input\":{\"@type\":\"PropertyValueSpecification\",\"valueRequired\":true,\"valueName\":\"search_term_string\"}}],\"inLanguage\":\"en-US\"},{\"@type\":\"Organization\",\"@id\":\"https:\/\/eurumed.de\/#organization\",\"name\":\"Eu-Ru Med\",\"url\":\"https:\/\/eurumed.de\/\",\"logo\":{\"@type\":\"ImageObject\",\"inLanguage\":\"en-US\",\"@id\":\"https:\/\/eurumed.de\/#\/schema\/logo\/image\/\",\"url\":\"https:\/\/eurumed.de\/wp-content\/uploads\/2021\/12\/cropped-Eu-Ru-Med-Logo-Schriftzug_420.jpg\",\"contentUrl\":\"https:\/\/eurumed.de\/wp-content\/uploads\/2021\/12\/cropped-Eu-Ru-Med-Logo-Schriftzug_420.jpg\",\"width\":907,\"height\":333,\"caption\":\"Eu-Ru Med\"},\"image\":{\"@id\":\"https:\/\/eurumed.de\/#\/schema\/logo\/image\/\"}}]}<\/script>\n<!-- \/ Yoast SEO plugin. -->","yoast_head_json":{"title":"S\u00e4ure Basen Haushalt ausgleichen - Jetzt mit Eurumed","robots":{"index":"index","follow":"follow","max-snippet":"max-snippet:-1","max-image-preview":"max-image-preview:large","max-video-preview":"max-video-preview:-1"},"canonical":"https:\/\/eurumed.de\/","og_locale":"en_US","og_type":"article","og_title":"Welcome Page - Eu-Ru Med","og_url":"https:\/\/eurumed.de\/","og_site_name":"Eu-Ru Med","article_modified_time":"2022-05-19T08:47:47+00:00","og_image":[{"url":"https:\/\/eurumed.de\/wp-content\/uploads\/2020\/07\/New-Project-40.jpg","type":"","width":"","height":""}],"twitter_card":"summary_large_image","twitter_misc":{"Est. reading time":"5 minutes"},"schema":{"@context":"https:\/\/schema.org","@graph":[{"@type":"WebPage","@id":"https:\/\/eurumed.de\/","url":"https:\/\/eurumed.de\/","name":"S\u00e4ure Basen Haushalt ausgleichen - Jetzt mit Eurumed","isPartOf":{"@id":"https:\/\/eurumed.de\/#website"},"primaryImageOfPage":{"@id":"https:\/\/eurumed.de\/#primaryimage"},"image":{"@id":"https:\/\/eurumed.de\/#primaryimage"},"thumbnailUrl":"https:\/\/eurumed.de\/wp-content\/uploads\/2020\/07\/New-Project-40.jpg","datePublished":"2020-02-06T15:01:23+00:00","dateModified":"2022-05-19T08:47:47+00:00","description":"Hier erfahren Sie alles zum S\u00e4ure Basen Haushalt. Warum eine St\u00f6rung so gef\u00e4hrlich werden kann? Wie kann man diese beheben? Alle Infos auf | eurumed.de","breadcrumb":{"@id":"https:\/\/eurumed.de\/#breadcrumb"},"inLanguage":"en-US","potentialAction":[{"@type":"ReadAction","target":["https:\/\/eurumed.de\/"]}]},{"@type":"ImageObject","inLanguage":"en-US","@id":"https:\/\/eurumed.de\/#primaryimage","url":"https:\/\/eurumed.de\/wp-content\/uploads\/2020\/07\/New-Project-40.jpg","contentUrl":"https:\/\/eurumed.de\/wp-content\/uploads\/2020\/07\/New-Project-40.jpg"},{"@type":"BreadcrumbList","@id":"https:\/\/eurumed.de\/#breadcrumb","itemListElement":[{"@type":"ListItem","position":1,"name":"Startseite","item":"https:\/\/eurumed.de\/"},{"@type":"ListItem","position":2,"name":"Startseite"}]},{"@type":"WebSite","@id":"https:\/\/eurumed.de\/#website","url":"https:\/\/eurumed.de\/","name":"Eu-Ru Med","description":"","publisher":{"@id":"https:\/\/eurumed.de\/#organization"},"potentialAction":[{"@type":"SearchAction","target":{"@type":"EntryPoint","urlTemplate":"https:\/\/eurumed.de\/?s={search_term_string}"},"query-input":{"@type":"PropertyValueSpecification","valueRequired":true,"valueName":"search_term_string"}}],"inLanguage":"en-US"},{"@type":"Organization","@id":"https:\/\/eurumed.de\/#organization","name":"Eu-Ru Med","url":"https:\/\/eurumed.de\/","logo":{"@type":"ImageObject","inLanguage":"en-US","@id":"https:\/\/eurumed.de\/#\/schema\/logo\/image\/","url":"https:\/\/eurumed.de\/wp-content\/uploads\/2021\/12\/cropped-Eu-Ru-Med-Logo-Schriftzug_420.jpg","contentUrl":"https:\/\/eurumed.de\/wp-content\/uploads\/2021\/12\/cropped-Eu-Ru-Med-Logo-Schriftzug_420.jpg","width":907,"height":333,"caption":"Eu-Ru Med"},"image":{"@id":"https:\/\/eurumed.de\/#\/schema\/logo\/image\/"}}]}},"_links":{"self":[{"href":"https:\/\/eurumed.de\/en\/wp-json\/wp\/v2\/pages\/26","targetHints":{"allow":["GET"]}}],"collection":[{"href":"https:\/\/eurumed.de\/en\/wp-json\/wp\/v2\/pages"}],"about":[{"href":"https:\/\/eurumed.de\/en\/wp-json\/wp\/v2\/types\/page"}],"author":[{"embeddable":true,"href":"https:\/\/eurumed.de\/en\/wp-json\/wp\/v2\/users\/8"}],"replies":[{"embeddable":true,"href":"https:\/\/eurumed.de\/en\/wp-json\/wp\/v2\/comments?post=26"}],"version-history":[{"count":89,"href":"https:\/\/eurumed.de\/en\/wp-json\/wp\/v2\/pages\/26\/revisions"}],"predecessor-version":[{"id":1126,"href":"https:\/\/eurumed.de\/en\/wp-json\/wp\/v2\/pages\/26\/revisions\/1126"}],"wp:attachment":[{"href":"https:\/\/eurumed.de\/en\/wp-json\/wp\/v2\/media?parent=26"}],"curies":[{"name":"wp","href":"https:\/\/api.w.org\/{rel}","templated":true}]}}